{"id":61,"date":"2023-02-25T15:32:16","date_gmt":"2023-02-25T14:32:16","guid":{"rendered":"https:\/\/cernytesak.cz\/?page_id=61"},"modified":"2025-12-14T12:03:23","modified_gmt":"2025-12-14T11:03:23","slug":"bio","status":"publish","type":"page","link":"https:\/\/cernytesak.cz\/en\/bio\/","title":{"rendered":"Bio"},"content":{"rendered":"<div data-elementor-type=\"wp-page\" data-elementor-id=\"61\" class=\"elementor elementor-61\">\n\t\t\t\t\t\t<section class=\"elementor-section elementor-top-section elementor-element elementor-element-68a7e99 elementor-section-boxed elementor-section-height-default elementor-section-height-default wpr-particle-no wpr-jarallax-no wpr-parallax-no wpr-sticky-section-no wpr-equal-height-no\" data-id=\"68a7e99\" data-element_type=\"section\" data-e-type=\"section\">\n\t\t\t\t\t\t<div class=\"elementor-container elementor-column-gap-default\">\n\t\t\t\t\t<div class=\"elementor-column elementor-col-100 elementor-top-column elementor-element elementor-element-0dbae29\" data-id=\"0dbae29\" data-element_type=\"column\" data-e-type=\"column\" data-settings=\"{&quot;background_background&quot;:&quot;classic&quot;}\">\n\t\t\t<div class=\"elementor-widget-wrap elementor-element-populated\">\n\t\t\t\t\t\t<div class=\"elementor-element elementor-element-796eff0 elementor-widget-divider--view-line elementor-widget elementor-widget-divider\" data-id=\"796eff0\" data-element_type=\"widget\" data-e-type=\"widget\" data-widget_type=\"divider.default\">\n\t\t\t\t<div class=\"elementor-widget-container\">\n\t\t\t\t\t\t\t<div class=\"elementor-divider\">\n\t\t\t<span class=\"elementor-divider-separator\">\n\t\t\t\t\t\t<\/span>\n\t\t<\/div>\n\t\t\t\t\t\t<\/div>\n\t\t\t\t<\/div>\n\t\t\t\t\t<\/div>\n\t\t<\/div>\n\t\t\t\t\t<\/div>\n\t\t<\/section>\n\t\t\t\t<section class=\"elementor-section elementor-top-section elementor-element elementor-element-b93d997 elementor-section-boxed elementor-section-height-default elementor-section-height-default wpr-particle-no wpr-jarallax-no wpr-parallax-no wpr-sticky-section-no wpr-equal-height-no\" data-id=\"b93d997\" data-element_type=\"section\" data-e-type=\"section\">\n\t\t\t\t\t\t<div class=\"elementor-container elementor-column-gap-default\">\n\t\t\t\t\t<div class=\"elementor-column elementor-col-100 elementor-top-column elementor-element elementor-element-d290e4d\" data-id=\"d290e4d\" data-element_type=\"column\" data-e-type=\"column\" data-settings=\"{&quot;background_background&quot;:&quot;classic&quot;}\">\n\t\t\t<div class=\"elementor-widget-wrap elementor-element-populated\">\n\t\t\t\t\t\t<div class=\"elementor-element elementor-element-e253f20 elementor-widget elementor-widget-heading\" data-id=\"e253f20\" data-element_type=\"widget\" data-e-type=\"widget\" data-widget_type=\"heading.default\">\n\t\t\t\t<div class=\"elementor-widget-container\">\n\t\t\t\t\t<h1 class=\"elementor-heading-title elementor-size-default\">Bio<\/h1>\t\t\t\t<\/div>\n\t\t\t\t<\/div>\n\t\t\t\t\t<\/div>\n\t\t<\/div>\n\t\t\t\t\t<\/div>\n\t\t<\/section>\n\t\t\t\t<section class=\"elementor-section elementor-top-section elementor-element elementor-element-854fa8e elementor-section-boxed elementor-section-height-default elementor-section-height-default wpr-particle-no wpr-jarallax-no wpr-parallax-no wpr-sticky-section-no wpr-equal-height-no\" data-id=\"854fa8e\" data-element_type=\"section\" data-e-type=\"section\">\n\t\t\t\t\t\t<div class=\"elementor-container elementor-column-gap-default\">\n\t\t\t\t\t<div class=\"elementor-column elementor-col-66 elementor-top-column elementor-element elementor-element-761bb76\" data-id=\"761bb76\" data-element_type=\"column\" data-e-type=\"column\" data-settings=\"{&quot;background_background&quot;:&quot;classic&quot;}\">\n\t\t\t<div class=\"elementor-widget-wrap elementor-element-populated\">\n\t\t\t\t\t\t<div class=\"elementor-element elementor-element-f830d0c elementor-widget elementor-widget-text-editor\" data-id=\"f830d0c\" data-element_type=\"widget\" data-e-type=\"widget\" data-widget_type=\"text-editor.default\">\n\t\t\t\t<div class=\"elementor-widget-container\">\n\t\t\t\t\t\t\t\t\t<p class=\"translation-block\"><strong>\u010cern\u00fd tes\u00e1k<\/strong> is the musical project of Milo\u0161 Dolinsk\u00fd, a native of the small town of Vidnava in Czech Republic. His dark instrumental music, built on loopers and sequencers, blends a gritty mix of ambient loops, electronic beats, and post-rock. He draws inspiration from artists like Boards of Canada and Nine Inch Nails.<\/span><\/p><p class=\"translation-block\"><strong>Debut album Z\u016fsta\u0148 (Stay)<\/strong>, released in the fall of 2023, captures the feeling of constant change and the flow of time across 10 tracks. Electronic beats and distorted guitars are complemented by drums, percussion, and keyboards performed by Zden\u011bk Jur\u010d\u00edk (Kafka Band, Letn\u00ed Kapela). The album was mixed by \u010cern\u00fd tes\u00e1k himself, with mastering handled by Tom\u00e1\u0161 Kar\u00e1sek at Gargle and Expel Studio.<\/p><p class=\"translation-block\">Three singles from the album \u2013 <em>Kr\u00e1l\u00ed\u010dek, Jsem happy<\/em>, and <em>Z\u016fsta\u0148<\/em> \u2013 are accompanied by animated music videos. The video for <em>Z\u016fsta\u0148<\/em> was awarded <strong>Best Animated Music Video<\/strong> at the <strong>Budapest Movie Awards<\/strong> and <strong>Best Experimental Music Video<\/strong> at the <strong>No Stress Music Video Awards<\/strong>. Additionally, the tracks <em>Z\u016fsta\u0148<\/em> and <em>Stromy<\/em> stayed in the <strong>Velk\u00e1 sedma<\/strong> chart on Radio 1 for the full 7 weeks.<\/p><p class=\"translation-block\">\u010cern\u00fd tes\u00e1k has also collaborated with Zden\u011bk Jur\u010d\u00edk (Letn\u00ed kapela, Kafka Band) on the music for the Jesen\u00edk musical <b>Dcery (Daughters)<\/b>, which he is now performing live as well. Tracks from this project will be released at the turn of the year. He is also currently working on a new album.<\/p>\t\t\t\t\t\t\t\t<\/div>\n\t\t\t\t<\/div>\n\t\t\t\t\t<\/div>\n\t\t<\/div>\n\t\t\t\t<div class=\"elementor-column elementor-col-33 elementor-top-column elementor-element elementor-element-2ccfb94\" data-id=\"2ccfb94\" data-element_type=\"column\" data-e-type=\"column\" data-settings=\"{&quot;background_background&quot;:&quot;classic&quot;}\">\n\t\t\t<div class=\"elementor-widget-wrap elementor-element-populated\">\n\t\t\t\t\t\t<div class=\"elementor-element elementor-element-8fe4252 elementor-widget elementor-widget-image\" data-id=\"8fe4252\" data-element_type=\"widget\" data-e-type=\"widget\" data-widget_type=\"image.default\">\n\t\t\t\t<div class=\"elementor-widget-container\">\n\t\t\t\t\t\t\t\t\t\t\t\t<figure class=\"wp-caption\">\n\t\t\t\t\t\t\t\t\t\t\t<a href=\"https:\/\/www.instagram.com\/lenkatrckova\/\" target=\"_blank\" rel=\"noopener\">\n\t\t\t\t\t\t\t<img fetchpriority=\"high\" decoding=\"async\" width=\"1707\" height=\"2560\" src=\"https:\/\/cernytesak.cz\/wp-content\/uploads\/2025\/12\/IMG_0003-3-scaled.jpg\" class=\"attachment-full size-full wp-image-1302\" alt=\"Black and white artistic photo of a Cerny tesak with a bright light streak in a dark background.\" srcset=\"https:\/\/cernytesak.cz\/wp-content\/uploads\/2025\/12\/IMG_0003-3-scaled.jpg 1707w, https:\/\/cernytesak.cz\/wp-content\/uploads\/2025\/12\/IMG_0003-3-200x300.jpg 200w, https:\/\/cernytesak.cz\/wp-content\/uploads\/2025\/12\/IMG_0003-3-683x1024.jpg 683w, https:\/\/cernytesak.cz\/wp-content\/uploads\/2025\/12\/IMG_0003-3-768x1152.jpg 768w, https:\/\/cernytesak.cz\/wp-content\/uploads\/2025\/12\/IMG_0003-3-1024x1536.jpg 1024w, https:\/\/cernytesak.cz\/wp-content\/uploads\/2025\/12\/IMG_0003-3-1365x2048.jpg 1365w, https:\/\/cernytesak.cz\/wp-content\/uploads\/2025\/12\/IMG_0003-3-8x12.jpg 8w\" sizes=\"(max-width: 1707px) 100vw, 1707px\" \/>\t\t\t\t\t\t\t\t<\/a>\n\t\t\t\t\t\t\t\t\t\t\t<figcaption class=\"widget-image-caption wp-caption-text\">@Lenka Tr\u010dkov\u00e1<\/figcaption>\n\t\t\t\t\t\t\t\t\t\t<\/figure>\n\t\t\t\t\t\t\t\t\t<\/div>\n\t\t\t\t<\/div>\n\t\t\t\t\t<\/div>\n\t\t<\/div>\n\t\t\t\t\t<\/div>\n\t\t<\/section>\n\t\t\t\t<section class=\"elementor-section elementor-top-section elementor-element elementor-element-1525d75 elementor-section-boxed elementor-section-height-default elementor-section-height-default wpr-particle-no wpr-jarallax-no wpr-parallax-no wpr-sticky-section-no wpr-equal-height-no\" data-id=\"1525d75\" data-element_type=\"section\" data-e-type=\"section\">\n\t\t\t\t\t\t<div class=\"elementor-container elementor-column-gap-default\">\n\t\t\t\t\t<div class=\"elementor-column elementor-col-50 elementor-top-column elementor-element elementor-element-24f9ff8\" data-id=\"24f9ff8\" data-element_type=\"column\" data-e-type=\"column\" data-settings=\"{&quot;background_background&quot;:&quot;classic&quot;}\">\n\t\t\t<div class=\"elementor-widget-wrap elementor-element-populated\">\n\t\t\t\t\t\t<div class=\"elementor-element elementor-element-b06b256 elementor-align-right elementor-mobile-align-center elementor-widget elementor-widget-button\" data-id=\"b06b256\" data-element_type=\"widget\" data-e-type=\"widget\" data-widget_type=\"button.default\">\n\t\t\t\t<div class=\"elementor-widget-container\">\n\t\t\t\t\t\t\t\t\t<div class=\"elementor-button-wrapper\">\n\t\t\t\t\t<a class=\"elementor-button elementor-button-link elementor-size-sm\" href=\"\/en\/music\/\">\n\t\t\t\t\t\t<span class=\"elementor-button-content-wrapper\">\n\t\t\t\t\t\t\t\t\t<span class=\"elementor-button-text\">Listen to Music<\/span>\n\t\t\t\t\t<\/span>\n\t\t\t\t\t<\/a>\n\t\t\t\t<\/div>\n\t\t\t\t\t\t\t\t<\/div>\n\t\t\t\t<\/div>\n\t\t\t\t\t<\/div>\n\t\t<\/div>\n\t\t\t\t<div class=\"elementor-column elementor-col-50 elementor-top-column elementor-element elementor-element-1d6d04b\" data-id=\"1d6d04b\" data-element_type=\"column\" data-e-type=\"column\" data-settings=\"{&quot;background_background&quot;:&quot;classic&quot;}\">\n\t\t\t<div class=\"elementor-widget-wrap elementor-element-populated\">\n\t\t\t\t\t\t<div class=\"elementor-element elementor-element-cf98e95 elementor-mobile-align-center elementor-widget elementor-widget-button\" data-id=\"cf98e95\" data-element_type=\"widget\" data-e-type=\"widget\" data-widget_type=\"button.default\">\n\t\t\t\t<div class=\"elementor-widget-container\">\n\t\t\t\t\t\t\t\t\t<div class=\"elementor-button-wrapper\">\n\t\t\t\t\t<a class=\"elementor-button elementor-button-link elementor-size-sm\" href=\"\/en\/contact\/\">\n\t\t\t\t\t\t<span class=\"elementor-button-content-wrapper\">\n\t\t\t\t\t\t\t\t\t<span class=\"elementor-button-text\">Book a Gig<\/span>\n\t\t\t\t\t<\/span>\n\t\t\t\t\t<\/a>\n\t\t\t\t<\/div>\n\t\t\t\t\t\t\t\t<\/div>\n\t\t\t\t<\/div>\n\t\t\t\t\t<\/div>\n\t\t<\/div>\n\t\t\t\t\t<\/div>\n\t\t<\/section>\n\t\t\t\t<section class=\"elementor-section elementor-top-section elementor-element elementor-element-1f0b5e0 elementor-section-boxed elementor-section-height-default elementor-section-height-default wpr-particle-no wpr-jarallax-no wpr-parallax-no wpr-sticky-section-no wpr-equal-height-no\" data-id=\"1f0b5e0\" data-element_type=\"section\" data-e-type=\"section\">\n\t\t\t\t\t\t<div class=\"elementor-container elementor-column-gap-default\">\n\t\t\t\t\t<div class=\"elementor-column elementor-col-100 elementor-top-column elementor-element elementor-element-2545ab0\" data-id=\"2545ab0\" data-element_type=\"column\" data-e-type=\"column\" data-settings=\"{&quot;background_background&quot;:&quot;classic&quot;}\">\n\t\t\t<div class=\"elementor-widget-wrap elementor-element-populated\">\n\t\t\t\t\t\t<div class=\"elementor-element elementor-element-f5f7f9c elementor-widget-divider--view-line elementor-widget elementor-widget-divider\" data-id=\"f5f7f9c\" data-element_type=\"widget\" data-e-type=\"widget\" data-widget_type=\"divider.default\">\n\t\t\t\t<div class=\"elementor-widget-container\">\n\t\t\t\t\t\t\t<div class=\"elementor-divider\">\n\t\t\t<span class=\"elementor-divider-separator\">\n\t\t\t\t\t\t<\/span>\n\t\t<\/div>\n\t\t\t\t\t\t<\/div>\n\t\t\t\t<\/div>\n\t\t\t\t\t<\/div>\n\t\t<\/div>\n\t\t\t\t\t<\/div>\n\t\t<\/section>\n\t\t\t\t<section class=\"elementor-section elementor-top-section elementor-element elementor-element-a665bc4 elementor-section-boxed elementor-section-height-default elementor-section-height-default wpr-particle-no wpr-jarallax-no wpr-parallax-no wpr-sticky-section-no wpr-equal-height-no\" data-id=\"a665bc4\" data-element_type=\"section\" data-e-type=\"section\">\n\t\t\t\t\t\t<div class=\"elementor-container elementor-column-gap-default\">\n\t\t\t\t\t<div class=\"elementor-column elementor-col-100 elementor-top-column elementor-element elementor-element-d75d2b7\" data-id=\"d75d2b7\" data-element_type=\"column\" data-e-type=\"column\">\n\t\t\t<div class=\"elementor-widget-wrap elementor-element-populated\">\n\t\t\t\t\t\t<div class=\"elementor-element elementor-element-faf834f elementor-widget elementor-widget-heading\" data-id=\"faf834f\" data-element_type=\"widget\" data-e-type=\"widget\" data-widget_type=\"heading.default\">\n\t\t\t\t<div class=\"elementor-widget-container\">\n\t\t\t\t\t<h4 class=\"elementor-heading-title elementor-size-default\">Wrote about me:<\/h4>\t\t\t\t<\/div>\n\t\t\t\t<\/div>\n\t\t\t\t<div class=\"elementor-element elementor-element-4adc581 elementor-widget elementor-widget-text-editor\" data-id=\"4adc581\" data-element_type=\"widget\" data-e-type=\"widget\" data-widget_type=\"text-editor.default\">\n\t\t\t\t<div class=\"elementor-widget-container\">\n\t\t\t\t\t\t\t\t\t<p><em>\"It's clear that this kind of music is not for easy listening, but it requires a really\nfocused listener. However, if you take the time, \u010cern\u00fd tes\u00e1k will reward you with a\nbeautiful musical experience.\"<\/em><br>\u2013 <a href=\"https:\/\/news.headliner.cz\/novinky\/2-50-nadeji-ceske-hudby\" target=\"_blank\" rel=\"noopener\">Headliner<\/a>, 50 hopes of Czech music<\/p>\n<p><em>\"In some ways Z\u016fsta\u0148 is reminiscent of the work of the master Manuel G\u00f6ttsching, who died last year, but its mood is overall much more moderated and, for example, the track Srdce (Heart) may even remind us of Ota Petrina's solo albums from the 1980s. Milo\u0161 Dolinsk\u00fd serves the listener precise playing with a subtle bustling spice\"<\/em><br>&#8211; <a href=\"https:\/\/www.hisvoice.cz\/cerny-tesak-a-ne-zas-tak-spinave-kytary\/\" target=\"_blank\" rel=\"noopener\">Hisvoice.cz<\/a><\/p>\n<p class=\"translation-block\">\"Milo\u0161 Dolinsk\u00fd rolled on incredible instrumental pressure reminiscent of the best of\nHoly Fuck or Fuck Buttons.\u201d<br>\u2013 Radio 1<\/span><\/p>\n<p><em>&#8222;Boards of Canada feat Priessnitz&#8220;<\/em><br><span style=\"font-style: inherit; font-weight: inherit;\">\u2013 Aging millennials podcast<\/span><\/p>\n<p><em>\"Guitar one-man show reflects much of himself: playful and likeable music, which is made at home. But in the same time, this young musician is not afraid to bare his teeth.\"<\/em><br>&#8211; <a href=\"https:\/\/alterecho.muzikus.cz\/altersfera\/czech-it\/czech-it-cerny-tesak.html\" target=\"_blank\" rel=\"noopener\">Alterecho<\/a><\/p>\t\t\t\t\t\t\t\t<\/div>\n\t\t\t\t<\/div>\n\t\t\t\t\t<\/div>\n\t\t<\/div>\n\t\t\t\t\t<\/div>\n\t\t<\/section>\n\t\t\t\t<section class=\"elementor-section elementor-top-section elementor-element elementor-element-16ebc17 elementor-section-boxed elementor-section-height-default elementor-section-height-default wpr-particle-no wpr-jarallax-no wpr-parallax-no wpr-sticky-section-no wpr-equal-height-no\" data-id=\"16ebc17\" data-element_type=\"section\" data-e-type=\"section\">\n\t\t\t\t\t\t<div class=\"elementor-container elementor-column-gap-default\">\n\t\t\t\t\t<div class=\"elementor-column elementor-col-100 elementor-top-column elementor-element elementor-element-6b889f8\" data-id=\"6b889f8\" data-element_type=\"column\" data-e-type=\"column\" data-settings=\"{&quot;background_background&quot;:&quot;classic&quot;}\">\n\t\t\t<div class=\"elementor-widget-wrap elementor-element-populated\">\n\t\t\t\t\t\t<div class=\"elementor-element elementor-element-b7ae1cc elementor-widget elementor-widget-image\" data-id=\"b7ae1cc\" data-element_type=\"widget\" data-e-type=\"widget\" data-widget_type=\"image.default\">\n\t\t\t\t<div class=\"elementor-widget-container\">\n\t\t\t\t\t\t\t\t\t\t\t\t<figure class=\"wp-caption\">\n\t\t\t\t\t\t\t\t\t\t\t<a href=\"https:\/\/www.instagram.com\/lenkatrckova\/\" target=\"_blank\" rel=\"noopener\">\n\t\t\t\t\t\t\t<img decoding=\"async\" width=\"2560\" height=\"1726\" src=\"https:\/\/cernytesak.cz\/wp-content\/uploads\/2025\/12\/IMG_0013-2-scaled.jpg\" class=\"attachment-full size-full wp-image-1306\" alt=\"Black and white artistic portrait with a blurred face and textured dark background, representing the Cerny tesak persona.\" srcset=\"https:\/\/cernytesak.cz\/wp-content\/uploads\/2025\/12\/IMG_0013-2-scaled.jpg 2560w, https:\/\/cernytesak.cz\/wp-content\/uploads\/2025\/12\/IMG_0013-2-300x202.jpg 300w, https:\/\/cernytesak.cz\/wp-content\/uploads\/2025\/12\/IMG_0013-2-1024x690.jpg 1024w, https:\/\/cernytesak.cz\/wp-content\/uploads\/2025\/12\/IMG_0013-2-768x518.jpg 768w, https:\/\/cernytesak.cz\/wp-content\/uploads\/2025\/12\/IMG_0013-2-1536x1035.jpg 1536w, https:\/\/cernytesak.cz\/wp-content\/uploads\/2025\/12\/IMG_0013-2-2048x1380.jpg 2048w, https:\/\/cernytesak.cz\/wp-content\/uploads\/2025\/12\/IMG_0013-2-18x12.jpg 18w\" sizes=\"(max-width: 2560px) 100vw, 2560px\" \/>\t\t\t\t\t\t\t\t<\/a>\n\t\t\t\t\t\t\t\t\t\t\t<figcaption class=\"widget-image-caption wp-caption-text\">\u00a9Lenka Tr\u010dkov\u00e1<\/figcaption>\n\t\t\t\t\t\t\t\t\t\t<\/figure>\n\t\t\t\t\t\t\t\t\t<\/div>\n\t\t\t\t<\/div>\n\t\t\t\t\t<\/div>\n\t\t<\/div>\n\t\t\t\t\t<\/div>\n\t\t<\/section>\n\t\t\t\t<section class=\"elementor-section elementor-top-section elementor-element elementor-element-ebb5c53 elementor-section-boxed elementor-section-height-default elementor-section-height-default wpr-particle-no wpr-jarallax-no wpr-parallax-no wpr-sticky-section-no wpr-equal-height-no\" data-id=\"ebb5c53\" data-element_type=\"section\" data-e-type=\"section\">\n\t\t\t\t\t\t<div class=\"elementor-container elementor-column-gap-default\">\n\t\t\t\t\t<div class=\"elementor-column elementor-col-100 elementor-top-column elementor-element elementor-element-ddd3d7f\" data-id=\"ddd3d7f\" data-element_type=\"column\" data-e-type=\"column\" data-settings=\"{&quot;background_background&quot;:&quot;classic&quot;}\">\n\t\t\t<div class=\"elementor-widget-wrap elementor-element-populated\">\n\t\t\t\t\t\t<div class=\"elementor-element elementor-element-d30fbe2 elementor-widget elementor-widget-spacer\" data-id=\"d30fbe2\" data-element_type=\"widget\" data-e-type=\"widget\" data-widget_type=\"spacer.default\">\n\t\t\t\t<div class=\"elementor-widget-container\">\n\t\t\t\t\t\t\t<div class=\"elementor-spacer\">\n\t\t\t<div class=\"elementor-spacer-inner\"><\/div>\n\t\t<\/div>\n\t\t\t\t\t\t<\/div>\n\t\t\t\t<\/div>\n\t\t\t\t\t<\/div>\n\t\t<\/div>\n\t\t\t\t\t<\/div>\n\t\t<\/section>\n\t\t\t\t<\/div>","protected":false},"excerpt":{"rendered":"<p>Bio \u010cern\u00fd tes\u00e1k je hudebn\u00ed projekt Milo\u0161e Dolinsk\u00e9ho, rod\u00e1ka z mal\u00e9ho m\u011bsta Vidnava na sever od Jesen\u00edku.\u00a0V jeho temn\u00e9 instrument\u00e1ln\u00ed hudb\u011b, postaven\u00e9 na looperech a sekvenc\u00e9rech, se spojuje \u0161pinav\u00fd mix ambientn\u00edch smy\u010dek, elektronick\u00fdch beat\u016f a jesenick\u00e9ho bigb\u00edtu. Inspiraci \u010derp\u00e1 od tv\u016frc\u016f jako Boards of Canada nebo Nine Inch Nails. Debutov\u00e9 album Z\u016fsta\u0148, vydan\u00e9 na podzim 2023, na 10 skladb\u00e1ch zachycuje\u00a0 pocit neust\u00e1l\u00fdch zm\u011bn a \u010dasov\u00fdch proud\u016f. Elektronick\u00e9 beaty a zkreslen\u00e9 kytary dopl\u0148uj\u00ed bic\u00ed, perkuse a kl\u00e1vesy Zde\u0148ka Jur\u010d\u00edka (Kafka band, Letn\u00ed kapela). Album mixoval s\u00e1m \u010cern\u00fd tes\u00e1k, o mastering se postaral Tom\u00e1\u0161 Kar\u00e1sek ze studia Gargle and Expel. T\u0159i singly z desky \u2013 Kr\u00e1l\u00ed\u010dek, Jsem happy a Z\u016fsta\u0148 \u2013 jsou dopln\u011bny animovan\u00fdmi videoklipy. Klip ke skladb\u011b Z\u016fsta\u0148 byl ocen\u011bn jako Best Animated Music Video na festivalu Budapest Movie Awards, a tak\u00e9 Best Experimental Music Video na festivalu No Stress Music Video Awards. Skladby Z\u016fsta\u0148 a Stromy se nav\u00edc udr\u017eely v\u0161ech 7 t\u00fddn\u016f v hitpar\u00e1d\u011b Velk\u00e1 sedma na Radiu 1. \u010cern\u00fd tes\u00e1k rovn\u011b\u017e spolupracoval se Zde\u0148kem Jur\u010d\u00edkem (Letn\u00ed kapela, Kafka Band) na hudb\u011b k jesenick\u00e9mu muzik\u00e1lu Dcery, kter\u00fd nyn\u00ed i \u017eiv\u011b doprov\u00e1z\u00ed. Skladby z tohoto projektu vyjdou na p\u0159elomu roku. V sou\u010dasn\u00e9 dob\u011b pracuje na nov\u00e9m albu. @Lenka Tr\u010dkov\u00e1 Poslechnout hudbu Domluvme koncert Napsali o mn\u011b: \u201cJe jasn\u00e9, \u017ee takov\u00e1 hudba nen\u00ed na \u017e\u00e1dn\u00fd \u201eeasy listening\u201c, ale vy\u017eaduje opravdu soust\u0159ed\u011bn\u00e9ho poslucha\u010de. Ov\u0161em kdy\u017e si ud\u011bl\u00e1te \u010das, tak v\u00e1s \u010cern\u00fd tes\u00e1k odm\u011bn\u00ed kr\u00e1sn\u00fdm hudebn\u00edm z\u00e1\u017eitkem.\u201d\u2013 Headliner, 50 nad\u011bj\u00ed \u010desk\u00e9 hudby \u201cV n\u011b\u010dem Z\u016fsta\u0148 p\u0159ipomene tvorbu loni zesnul\u00e9ho majstra Manuela G\u00f6ttschinga, jeho n\u00e1lada je v\u0161ak celkov\u011b mnohem um\u011b\u0159en\u011bj\u0161\u00ed a nap\u0159\u00edklad skladba Srdce m\u016f\u017ee svou atmosf\u00e9rou p\u0159ipomenout dokonce i s\u00f3lov\u00e9 desky Oty Pet\u0159iny z 80. let. Milo\u0161 Dolinsk\u00fd serv\u00edruje poslucha\u010di p\u0159esnou hru s decentn\u00edm ruchov\u00fdm ko\u0159en\u00edm\u201d&#8211; Hisvoice.cz \u201cMilo\u0161 Dolinsk\u00fd navalil neskute\u010dnej instrument\u00e1ln\u00ed tlak p\u0159ipom\u00ednaj\u00edc\u00ed to nejlep\u0161\u00ed z Holy&nbsp;Fuck \u010di Fuck Buttons. B\u00e1je\u010dnej Jesen\u00edk tohleto.\u201d&#8211; Radio 1 &#8222;Boards of Canada feat Priessnitz&#8220;&#8211; Podcast St\u00e1rnouc\u00ed mileni\u00e1lov\u00e9 &#8222;Kytarov\u00fd one-man projekt odr\u00e1\u017e\u00ed v mnoh\u00e9m jeho sam\u00e9ho: hrav\u00e1 a sympatick\u00e1 tvorba, kter\u00e1 vznik\u00e1 doma na koleni. Z\u00e1rove\u0148 se ale tenhle mlad\u00fd hudebn\u00edk neboj\u00ed vycenit zuby.&#8220;&#8211; Alterecho \u00a9Lenka Tr\u010dkov\u00e1<\/p>","protected":false},"author":1,"featured_media":0,"parent":0,"menu_order":0,"comment_status":"closed","ping_status":"closed","template":"","meta":{"site-sidebar-layout":"no-sidebar","site-content-layout":"page-builder","ast-site-content-layout":"full-width-container","site-content-style":"unboxed","site-sidebar-style":"unboxed","ast-global-header-display":"","ast-banner-title-visibility":"","ast-main-header-display":"","ast-hfb-above-header-display":"","ast-hfb-below-header-display":"","ast-hfb-mobile-header-display":"","site-post-title":"disabled","ast-breadcrumbs-content":"","ast-featured-img":"disabled","footer-sml-layout":"","ast-disable-related-posts":"","theme-transparent-header-meta":"","adv-header-id-meta":"","stick-header-meta":"","header-above-stick-meta":"","header-main-stick-meta":"","header-below-stick-meta":"","astra-migrate-meta-layouts":"set","ast-page-background-enabled":"default","ast-page-background-meta":{"desktop":{"background-color":"var(--ast-global-color-4)","background-image":"","background-repeat":"repeat","background-position":"center center","background-size":"auto","background-attachment":"scroll","background-type":"","background-media":"","overlay-type":"","overlay-color":"","overlay-opacity":"","overlay-gradient":""},"tablet":{"background-color":"","background-image":"","background-repeat":"repeat","background-position":"center center","background-size":"auto","background-attachment":"scroll","background-type":"","background-media":"","overlay-type":"","overlay-color":"","overlay-opacity":"","overlay-gradient":""},"mobile":{"background-color":"","background-image":"","background-repeat":"repeat","background-position":"center center","background-size":"auto","background-attachment":"scroll","background-type":"","background-media":"","overlay-type":"","overlay-color":"","overlay-opacity":"","overlay-gradient":""}},"ast-content-background-meta":{"desktop":{"background-color":"var(--ast-global-color-5)","background-image":"","background-repeat":"repeat","background-position":"center center","background-size":"auto","background-attachment":"scroll","background-type":"","background-media":"","overlay-type":"","overlay-color":"","overlay-opacity":"","overlay-gradient":""},"tablet":{"background-color":"var(--ast-global-color-5)","background-image":"","background-repeat":"repeat","background-position":"center center","background-size":"auto","background-attachment":"scroll","background-type":"","background-media":"","overlay-type":"","overlay-color":"","overlay-opacity":"","overlay-gradient":""},"mobile":{"background-color":"var(--ast-global-color-5)","background-image":"","background-repeat":"repeat","background-position":"center center","background-size":"auto","background-attachment":"scroll","background-type":"","background-media":"","overlay-type":"","overlay-color":"","overlay-opacity":"","overlay-gradient":""}},"footnotes":""},"class_list":["post-61","page","type-page","status-publish","hentry"],"_links":{"self":[{"href":"https:\/\/cernytesak.cz\/en\/wp-json\/wp\/v2\/pages\/61","targetHints":{"allow":["GET"]}}],"collection":[{"href":"https:\/\/cernytesak.cz\/en\/wp-json\/wp\/v2\/pages"}],"about":[{"href":"https:\/\/cernytesak.cz\/en\/wp-json\/wp\/v2\/types\/page"}],"author":[{"embeddable":true,"href":"https:\/\/cernytesak.cz\/en\/wp-json\/wp\/v2\/users\/1"}],"replies":[{"embeddable":true,"href":"https:\/\/cernytesak.cz\/en\/wp-json\/wp\/v2\/comments?post=61"}],"version-history":[{"count":96,"href":"https:\/\/cernytesak.cz\/en\/wp-json\/wp\/v2\/pages\/61\/revisions"}],"predecessor-version":[{"id":1309,"href":"https:\/\/cernytesak.cz\/en\/wp-json\/wp\/v2\/pages\/61\/revisions\/1309"}],"wp:attachment":[{"href":"https:\/\/cernytesak.cz\/en\/wp-json\/wp\/v2\/media?parent=61"}],"curies":[{"name":"wp","href":"https:\/\/api.w.org\/{rel}","templated":true}]}}